{"id":994,"date":"2021-08-04T15:21:27","date_gmt":"2021-08-04T13:21:27","guid":{"rendered":"https:\/\/volcomoutlet.ch\/standort-infos\/"},"modified":"2024-06-07T13:06:09","modified_gmt":"2024-06-07T11:06:09","slug":"standort-infos","status":"publish","type":"page","link":"https:\/\/volcomoutlet.ch\/fr\/standort-infos\/","title":{"rendered":"LIEU &#038; INFOS MAGASIN"},"content":{"rendered":"<h1 style=\"text-align: center;\">LIEU &amp; INFOS MAGASIN<\/h1>\n<p style=\"text-align: center;\">Le <strong>Volcom Outlet Store Switzerland<\/strong> <a href=\"https:\/\/goo.gl\/maps\/5Vbvd7ZKjhB72oZn7\">est situ\u00e9<\/a> directement sur l&rsquo;autoroute A12 \u00e0 D\u00fcdingen (canton de Fribourg). Quittez l&rsquo;autoroute \u00e0 la sortie D\u00fcdingen et en moins d&rsquo;une minute vous \u00eates dans notre magasin. Notre magasin outlet est ouvert du lundi au samedi.<\/p>\n<p>&nbsp;<\/p>\n<p>&nbsp;<\/p>\n<h4 style=\"text-align: center;\"><span class=\"style71\"><span class=\"style92\">HEURES D`OUVERTURES<\/span><\/span><\/h4>\n<p class=\"CenterAlign\" style=\"text-align: center;\"><strong><span class=\"style71\">Lundi &#8211; Vendredi: <\/span><\/strong><\/p>\n<p class=\"CenterAlign\" style=\"text-align: center;\"><span class=\"style71\">10.00 &#8211; 12.30<\/span><\/p>\n<p class=\"CenterAlign\" style=\"text-align: center;\"><span class=\"style71\">13.30 &#8211; 18.30<\/span><\/p>\n<p class=\"CenterAlign\" style=\"text-align: center;\"><strong><span class=\"style71\">Samedi:<\/span><\/strong><\/p>\n<p class=\"CenterAlign\" style=\"text-align: center;\"><span class=\"style71\">09.00 &#8211; 16.00<\/span><\/p>\n<p>&nbsp;<\/p>\n<h4 class=\"CenterAlign\" style=\"text-align: center;\"><span class=\"style71\"><span class=\"style92\">ADRESSE<\/span><\/span><\/h4>\n<p class=\"CenterAlign\" style=\"text-align: center;\"><span class=\"style71\">Volcom Outlet Store<br \/>\nBirchh\u00f6lzli 3<br \/>\n3186 D\u00fcdingen<\/span><\/p>\n<p>&nbsp;<\/p>\n<p style=\"text-align: center;\"><iframe loading=\"lazy\" style=\"border: 0;\" src=\"https:\/\/www.google.com\/maps\/embed?pb=!1m18!1m12!1m3!1d2728.3361582777725!2d7.189531016301523!3d46.8567566791422!2m3!1f0!2f0!3f0!3m2!1i1024!2i768!4f13.1!3m3!1m2!1s0x478e6bbbfbffffff%3A0x6a36a2eb5df02bb7!2sVolcom!5e0!3m2!1sde!2sch!4v1630486042330!5m2!1sde!2sch\" width=\"100%\" height=\"650\" allowfullscreen=\"allowfullscreen\"><\/iframe><\/p>\n<p>&nbsp;<\/p>\n<p>&nbsp;<\/p>\n<p><img loading=\"lazy\" decoding=\"async\" class=\"alignnone size-full wp-image-652\" src=\"https:\/\/volcomoutlet.ch\/wp-content\/uploads\/2022\/07\/brandbanner_volcomoutlet.gif\" alt=\"Brands Volcom Outlet\" width=\"1920\" height=\"200\" \/><\/p>\n","protected":false},"excerpt":{"rendered":"<p>LIEU &amp; INFOS MAGASIN Le Volcom Outlet Store Switzerland est situ\u00e9 directement sur l&rsquo;autoroute A12 \u00e0 D\u00fcdingen (canton de Fribourg). Quittez l&rsquo;autoroute \u00e0 la sortie D\u00fcdingen et en moins d&rsquo;une minute vous \u00eates dans notre magasin. Notre magasin outlet est ouvert du lundi au samedi. &nbsp; &nbsp; HEURES D`OUVERTURES Lundi &hellip;<\/p>\n","protected":false},"author":1,"featured_media":0,"parent":0,"menu_order":0,"comment_status":"closed","ping_status":"closed","template":"","meta":{"footnotes":""},"class_list":["post-994","page","type-page","status-publish","hentry"],"aioseo_notices":[],"_links":{"self":[{"href":"https:\/\/volcomoutlet.ch\/fr\/wp-json\/wp\/v2\/pages\/994","targetHints":{"allow":["GET"]}}],"collection":[{"href":"https:\/\/volcomoutlet.ch\/fr\/wp-json\/wp\/v2\/pages"}],"about":[{"href":"https:\/\/volcomoutlet.ch\/fr\/wp-json\/wp\/v2\/types\/page"}],"author":[{"embeddable":true,"href":"https:\/\/volcomoutlet.ch\/fr\/wp-json\/wp\/v2\/users\/1"}],"replies":[{"embeddable":true,"href":"https:\/\/volcomoutlet.ch\/fr\/wp-json\/wp\/v2\/comments?post=994"}],"version-history":[{"count":2,"href":"https:\/\/volcomoutlet.ch\/fr\/wp-json\/wp\/v2\/pages\/994\/revisions"}],"predecessor-version":[{"id":1028,"href":"https:\/\/volcomoutlet.ch\/fr\/wp-json\/wp\/v2\/pages\/994\/revisions\/1028"}],"wp:attachment":[{"href":"https:\/\/volcomoutlet.ch\/fr\/wp-json\/wp\/v2\/media?parent=994"}],"curies":[{"name":"wp","href":"https:\/\/api.w.org\/{rel}","templated":true}]}}