{"id":1004,"date":"2017-02-23T12:36:50","date_gmt":"2017-02-23T11:36:50","guid":{"rendered":"https:\/\/volcomoutlet.ch\/home\/"},"modified":"2024-06-07T13:59:24","modified_gmt":"2024-06-07T11:59:24","slug":"home","status":"publish","type":"page","link":"https:\/\/volcomoutlet.ch\/fr\/","title":{"rendered":"HOME"},"content":{"rendered":"<p style=\"text-align: center;\">Votre magasin <strong>Volcom Outlet en Suisse<\/strong>. Le magasin est situ\u00e9 \u00e0 <strong>D\u00fcdingen dans le canton de Fribourg<\/strong>. Trouvez des offres exclusives sur les v\u00eatements et accessoires <strong>Volcom<\/strong>, les lunettes <strong>Electric<\/strong>, les ceintures <strong>Arcade<\/strong>, les chaussures <strong>Vans<\/strong>, les bouteilles <strong>Les Artistes<\/strong> et les serviettes <strong>Slowtide<\/strong> \u00e0 des <strong>prix outlet allant jusqu&rsquo;\u00e0 70%<\/strong>. Profitez de ces bons plans avant qu&rsquo;ils ne disparaissent !<\/p>\n<p>&nbsp;<\/p>\n<p>&nbsp;<\/p>\n<p><img loading=\"lazy\" decoding=\"async\" class=\"alignnone size-full wp-image-652\" src=\"https:\/\/volcomoutlet.ch\/wp-content\/uploads\/2022\/07\/brandbanner_volcomoutlet.gif\" alt=\"Brands Volcom Outlet\" width=\"1920\" height=\"200\" \/><\/p>\n<p>&nbsp;<\/p>\n","protected":false},"excerpt":{"rendered":"<p>Votre magasin Volcom Outlet en Suisse. Le magasin est situ\u00e9 \u00e0 D\u00fcdingen dans le canton de Fribourg. Trouvez des offres exclusives sur les v\u00eatements et accessoires Volcom, les lunettes Electric, les ceintures Arcade, les chaussures Vans, les bouteilles Les Artistes et les serviettes Slowtide \u00e0 des prix outlet allant jusqu&rsquo;\u00e0 &hellip;<\/p>\n","protected":false},"author":1,"featured_media":0,"parent":0,"menu_order":0,"comment_status":"closed","ping_status":"closed","template":"","meta":{"footnotes":""},"class_list":["post-1004","page","type-page","status-publish","hentry"],"aioseo_notices":[],"_links":{"self":[{"href":"https:\/\/volcomoutlet.ch\/fr\/wp-json\/wp\/v2\/pages\/1004","targetHints":{"allow":["GET"]}}],"collection":[{"href":"https:\/\/volcomoutlet.ch\/fr\/wp-json\/wp\/v2\/pages"}],"about":[{"href":"https:\/\/volcomoutlet.ch\/fr\/wp-json\/wp\/v2\/types\/page"}],"author":[{"embeddable":true,"href":"https:\/\/volcomoutlet.ch\/fr\/wp-json\/wp\/v2\/users\/1"}],"replies":[{"embeddable":true,"href":"https:\/\/volcomoutlet.ch\/fr\/wp-json\/wp\/v2\/comments?post=1004"}],"version-history":[{"count":2,"href":"https:\/\/volcomoutlet.ch\/fr\/wp-json\/wp\/v2\/pages\/1004\/revisions"}],"predecessor-version":[{"id":1042,"href":"https:\/\/volcomoutlet.ch\/fr\/wp-json\/wp\/v2\/pages\/1004\/revisions\/1042"}],"wp:attachment":[{"href":"https:\/\/volcomoutlet.ch\/fr\/wp-json\/wp\/v2\/media?parent=1004"}],"curies":[{"name":"wp","href":"https:\/\/api.w.org\/{rel}","templated":true}]}}